{"id":10,"date":"2017-02-21T14:55:21","date_gmt":"2017-02-21T14:55:21","guid":{"rendered":"http:\/\/adman.ee\/?page_id=10"},"modified":"2020-02-28T15:34:33","modified_gmt":"2020-02-28T13:34:33","slug":"kristallkleebistest","status":"publish","type":"page","link":"https:\/\/adman.ee\/et\/","title":{"rendered":"Kristallkleebis"},"content":{"rendered":"<h2>Mis on kristallkleebis e. mullikleeps?<\/h2>\n<p>Kristallklebis on pol\u00fcuretaanvaiguga kaetud kilekleebis, mille peamiseks erinevuseks on ruumiline mulliefekt ja kulumiskindlus. Kristallkleebiseid &nbsp;nimetatakse ka mullikleepsudeks, justkui oleks veetilk kleebisel.<\/p>\n<p>Kuigi kristallkleebised on kallimad kui tavalised kilekleebised, \u00f5igustavad nad igati oma hinda.&nbsp;Mullikleepsud on simatorkavad ja pilkup\u00fc\u00fcdvad.&nbsp;Neid v\u00f5ib kasutada nii sise- kui v\u00e4litingimustes.&nbsp;Kristallkleebised on oluliselt vastupidavamad mehaaniliste vigastuste suhtes.&nbsp;Ja \u00fcldse on nad palju \u00e4gedamad, kui tavakleebised.<\/p>\n<p>Ettevaatust! Mullikleepsud v\u00f5ivad tekitada s\u00f5ltuvust!<\/p>\n<p><a href=\"\/\/www.pinterest.com\/pin\/create\/button\/\" data-pin-do=\"buttonBookmark\" data-pin-color=\"red\" data-pin-height=\"128\"><img decoding=\"async\" src=\"\/\/assets.pinterest.com\/images\/pidgets\/pinit_fg_en_rect_red_28.png\" \/><\/a><\/p>","protected":false},"excerpt":{"rendered":"<p>Mis on kristallkleebis e. mullikleeps? Kristallklebis on pol\u00fcuretaanvaiguga kaetud kilekleebis, mille peamiseks erinevuseks on ruumiline mulliefekt ja kulumiskindlus. Kristallkleebiseid &nbsp;nimetatakse ka mullikleepsudeks, justkui oleks veetilk kleebisel. Kuigi kristallkleebised on kallimad kui tavalised kilekleebised, \u00f5igustavad nad igati oma hinda.&nbsp;Mullikleepsud on simatorkavad ja pilkup\u00fc\u00fcdvad.&nbsp;Neid v\u00f5ib kasutada nii sise- kui v\u00e4litingimustes.&nbsp;Kristallkleebised on oluliselt vastupidavamad mehaaniliste vigastuste suhtes.&nbsp;Ja \u00fcldse &hellip; <\/p>\n<p class=\"link-more\"><a href=\"https:\/\/adman.ee\/et\/\" class=\"more-link\">Continue reading<span class=\"screen-reader-text\"> &#8220;Kristallkleebis&#8221;<\/span><\/a><\/p>\n","protected":false},"author":1,"featured_media":0,"parent":0,"menu_order":0,"comment_status":"closed","ping_status":"closed","template":"","meta":{"ngg_post_thumbnail":0,"jetpack_post_was_ever_published":false,"footnotes":""},"class_list":["post-10","page","type-page","status-publish","hentry"],"yoast_head":"<!-- This site is optimized with the Yoast SEO plugin v24.5 - https:\/\/yoast.com\/wordpress\/plugins\/seo\/ -->\n<title>Kristallkleebis &#8211; adMan Doming<\/title>\n<meta name=\"description\" content=\"Kristallklebis on pol\u00fcuretaanvaiguga kaetud kilekleebis, mille peamiseks erinevuseks on ruumiline mulliefekt ja kulumiskindlus\" \/>\n<meta name=\"robots\" content=\"index, follow, max-snippet:-1, max-image-preview:large, max-video-preview:-1\" \/>\n<link rel=\"canonical\" href=\"https:\/\/adman.ee\/et\/\" \/>\n<meta property=\"og:locale\" content=\"et_EE\" \/>\n<meta property=\"og:type\" content=\"article\" \/>\n<meta property=\"og:title\" content=\"Kristallkleebis &#8211; adMan Doming\" \/>\n<meta property=\"og:description\" content=\"Kristallklebis on pol\u00fcuretaanvaiguga kaetud kilekleebis, mille peamiseks erinevuseks on ruumiline mulliefekt ja kulumiskindlus\" \/>\n<meta property=\"og:url\" content=\"https:\/\/adman.ee\/et\/\" \/>\n<meta property=\"og:site_name\" content=\"adMan Doming\" \/>\n<meta property=\"article:publisher\" content=\"http:\/\/facebook.com\/adman.ee\" \/>\n<meta property=\"article:modified_time\" content=\"2020-02-28T13:34:33+00:00\" \/>\n<meta property=\"og:image\" content=\"https:\/\/adman.ee\/wp-content\/uploads\/2018\/09\/cropped-adman-header-1.jpg\" \/>\n\t<meta property=\"og:image:width\" content=\"2000\" \/>\n\t<meta property=\"og:image:height\" content=\"1451\" \/>\n\t<meta property=\"og:image:type\" content=\"image\/jpeg\" \/>\n<meta name=\"twitter:card\" content=\"summary_large_image\" \/>\n<script type=\"application\/ld+json\" class=\"yoast-schema-graph\">{\"@context\":\"https:\/\/schema.org\",\"@graph\":[{\"@type\":\"WebPage\",\"@id\":\"https:\/\/adman.ee\/et\/\",\"url\":\"https:\/\/adman.ee\/et\/\",\"name\":\"Kristallkleebis &#8211; adMan Doming\",\"isPartOf\":{\"@id\":\"https:\/\/adman.ee\/et\/#website\"},\"datePublished\":\"2017-02-21T14:55:21+00:00\",\"dateModified\":\"2020-02-28T13:34:33+00:00\",\"description\":\"Kristallklebis on pol\u00fcuretaanvaiguga kaetud kilekleebis, mille peamiseks erinevuseks on ruumiline mulliefekt ja kulumiskindlus\",\"breadcrumb\":{\"@id\":\"https:\/\/adman.ee\/et\/#breadcrumb\"},\"inLanguage\":\"et\",\"potentialAction\":[{\"@type\":\"ReadAction\",\"target\":[\"https:\/\/adman.ee\/et\/\"]}]},{\"@type\":\"BreadcrumbList\",\"@id\":\"https:\/\/adman.ee\/et\/#breadcrumb\",\"itemListElement\":[{\"@type\":\"ListItem\",\"position\":1,\"name\":\"Home\",\"item\":\"https:\/\/adman.ee\/et\/\"},{\"@type\":\"ListItem\",\"position\":2,\"name\":\"Kristallkleebis\"}]},{\"@type\":\"WebSite\",\"@id\":\"https:\/\/adman.ee\/et\/#website\",\"url\":\"https:\/\/adman.ee\/et\/\",\"name\":\"adman Doming\",\"description\":\"Number 1 kristallkleebiste tootja Eestis.\",\"publisher\":{\"@id\":\"https:\/\/adman.ee\/et\/#organization\"},\"potentialAction\":[{\"@type\":\"SearchAction\",\"target\":{\"@type\":\"EntryPoint\",\"urlTemplate\":\"https:\/\/adman.ee\/et\/?s={search_term_string}\"},\"query-input\":{\"@type\":\"PropertyValueSpecification\",\"valueRequired\":true,\"valueName\":\"search_term_string\"}}],\"inLanguage\":\"et\"},{\"@type\":\"Organization\",\"@id\":\"https:\/\/adman.ee\/et\/#organization\",\"name\":\"Armintec systems O\u00dc\",\"url\":\"https:\/\/adman.ee\/et\/\",\"logo\":{\"@type\":\"ImageObject\",\"inLanguage\":\"et\",\"@id\":\"https:\/\/adman.ee\/et\/#\/schema\/logo\/image\/\",\"url\":\"https:\/\/adman.ee\/wp-content\/uploads\/2017\/02\/cropped-adman-logo-xxl-suur.png\",\"contentUrl\":\"https:\/\/adman.ee\/wp-content\/uploads\/2017\/02\/cropped-adman-logo-xxl-suur.png\",\"width\":250,\"height\":250,\"caption\":\"Armintec systems O\u00dc\"},\"image\":{\"@id\":\"https:\/\/adman.ee\/et\/#\/schema\/logo\/image\/\"},\"sameAs\":[\"http:\/\/facebook.com\/adman.ee\",\"https:\/\/www.youtube.com\/channel\/UCBYeJAv6Sr_yGGdWFoOjxAQ\/featured?view_as=subscriber\"]}]}<\/script>\n<!-- \/ Yoast SEO plugin. -->","yoast_head_json":{"title":"Kristallkleebis &#8211; adMan Doming","description":"Kristallklebis on pol\u00fcuretaanvaiguga kaetud kilekleebis, mille peamiseks erinevuseks on ruumiline mulliefekt ja kulumiskindlus","robots":{"index":"index","follow":"follow","max-snippet":"max-snippet:-1","max-image-preview":"max-image-preview:large","max-video-preview":"max-video-preview:-1"},"canonical":"https:\/\/adman.ee\/et\/","og_locale":"et_EE","og_type":"article","og_title":"Kristallkleebis &#8211; adMan Doming","og_description":"Kristallklebis on pol\u00fcuretaanvaiguga kaetud kilekleebis, mille peamiseks erinevuseks on ruumiline mulliefekt ja kulumiskindlus","og_url":"https:\/\/adman.ee\/et\/","og_site_name":"adMan Doming","article_publisher":"http:\/\/facebook.com\/adman.ee","article_modified_time":"2020-02-28T13:34:33+00:00","og_image":[{"width":2000,"height":1451,"url":"https:\/\/adman.ee\/wp-content\/uploads\/2018\/09\/cropped-adman-header-1.jpg","type":"image\/jpeg"}],"twitter_card":"summary_large_image","schema":{"@context":"https:\/\/schema.org","@graph":[{"@type":"WebPage","@id":"https:\/\/adman.ee\/et\/","url":"https:\/\/adman.ee\/et\/","name":"Kristallkleebis &#8211; adMan Doming","isPartOf":{"@id":"https:\/\/adman.ee\/et\/#website"},"datePublished":"2017-02-21T14:55:21+00:00","dateModified":"2020-02-28T13:34:33+00:00","description":"Kristallklebis on pol\u00fcuretaanvaiguga kaetud kilekleebis, mille peamiseks erinevuseks on ruumiline mulliefekt ja kulumiskindlus","breadcrumb":{"@id":"https:\/\/adman.ee\/et\/#breadcrumb"},"inLanguage":"et","potentialAction":[{"@type":"ReadAction","target":["https:\/\/adman.ee\/et\/"]}]},{"@type":"BreadcrumbList","@id":"https:\/\/adman.ee\/et\/#breadcrumb","itemListElement":[{"@type":"ListItem","position":1,"name":"Home","item":"https:\/\/adman.ee\/et\/"},{"@type":"ListItem","position":2,"name":"Kristallkleebis"}]},{"@type":"WebSite","@id":"https:\/\/adman.ee\/et\/#website","url":"https:\/\/adman.ee\/et\/","name":"adman Doming","description":"Number 1 kristallkleebiste tootja Eestis.","publisher":{"@id":"https:\/\/adman.ee\/et\/#organization"},"potentialAction":[{"@type":"SearchAction","target":{"@type":"EntryPoint","urlTemplate":"https:\/\/adman.ee\/et\/?s={search_term_string}"},"query-input":{"@type":"PropertyValueSpecification","valueRequired":true,"valueName":"search_term_string"}}],"inLanguage":"et"},{"@type":"Organization","@id":"https:\/\/adman.ee\/et\/#organization","name":"Armintec systems O\u00dc","url":"https:\/\/adman.ee\/et\/","logo":{"@type":"ImageObject","inLanguage":"et","@id":"https:\/\/adman.ee\/et\/#\/schema\/logo\/image\/","url":"https:\/\/adman.ee\/wp-content\/uploads\/2017\/02\/cropped-adman-logo-xxl-suur.png","contentUrl":"https:\/\/adman.ee\/wp-content\/uploads\/2017\/02\/cropped-adman-logo-xxl-suur.png","width":250,"height":250,"caption":"Armintec systems O\u00dc"},"image":{"@id":"https:\/\/adman.ee\/et\/#\/schema\/logo\/image\/"},"sameAs":["http:\/\/facebook.com\/adman.ee","https:\/\/www.youtube.com\/channel\/UCBYeJAv6Sr_yGGdWFoOjxAQ\/featured?view_as=subscriber"]}]}},"jetpack_sharing_enabled":true,"jetpack_shortlink":"https:\/\/wp.me\/P4Lq81-a","_links":{"self":[{"href":"https:\/\/adman.ee\/et\/wp-json\/wp\/v2\/pages\/10","targetHints":{"allow":["GET"]}}],"collection":[{"href":"https:\/\/adman.ee\/et\/wp-json\/wp\/v2\/pages"}],"about":[{"href":"https:\/\/adman.ee\/et\/wp-json\/wp\/v2\/types\/page"}],"author":[{"embeddable":true,"href":"https:\/\/adman.ee\/et\/wp-json\/wp\/v2\/users\/1"}],"replies":[{"embeddable":true,"href":"https:\/\/adman.ee\/et\/wp-json\/wp\/v2\/comments?post=10"}],"version-history":[{"count":5,"href":"https:\/\/adman.ee\/et\/wp-json\/wp\/v2\/pages\/10\/revisions"}],"predecessor-version":[{"id":1086,"href":"https:\/\/adman.ee\/et\/wp-json\/wp\/v2\/pages\/10\/revisions\/1086"}],"wp:attachment":[{"href":"https:\/\/adman.ee\/et\/wp-json\/wp\/v2\/media?parent=10"}],"curies":[{"name":"wp","href":"https:\/\/api.w.org\/{rel}","templated":true}]}}