{"id":692,"date":"2018-09-24T20:10:31","date_gmt":"2018-09-24T17:10:31","guid":{"rendered":"https:\/\/adman.ee\/?page_id=692"},"modified":"2018-09-25T16:12:46","modified_gmt":"2018-09-25T13:12:46","slug":"teenused","status":"publish","type":"page","link":"https:\/\/adman.ee\/et\/teenused\/","title":{"rendered":"Teenused"},"content":{"rendered":"<p><strong>Lihtsa kujuga kristallkleebis (ring, ovaal, ruut, ristk\u00fclik)<\/strong><\/p>\n<p>Lihtsa kujuga kristallkleebise maksimaalne suurus saab olla 400 x 250 mm.<br \/>\nMinimaalseks m\u00f5\u00f5duks on 5 x 5 mm.<br \/>\nK\u00f5ik teravad nurgad tuleb kumerdada minimaalselt 3 mm raadiusega.<\/p>\n<p>Kleebised tr\u00fckime valgele <span style=\"color: #ff0000;\"><strong>3M&nbsp;<\/strong><span style=\"color: #000000;\">40 seeria autokilele, mis p\u00fcsib nii sise- kui v\u00e4litingimustes 5-7 aastat.&nbsp;<\/span><\/span><\/p>\nngg_shortcode_0_placeholder\n<p>&nbsp;<\/p>\n<p><strong>Keerulise kujuga kristallkleebis (t\u00e4hed ja muud keerukamad kujundid)<\/strong><\/p>\n<p>Erikujulise kristallkleebise m\u00f5\u00f5dud s\u00f5ltuvad suuresti kuju keerukusest.<br \/>\nK\u00f5ik sise ja v\u00e4lisnurgad peavad olema kumerdatud v\u00e4hemalt 3 mm raadiusega. Detailide vahekaugus pea olema v\u00e4hemalt 5 mm.<br \/>\nLogode ja tekstide puhul saab \u00fche detaili maksimaalseks m\u00f5\u00f5duks olla 400 x 250 mm.<\/p>\n<p>Kleebised tr\u00fckime valgele <span style=\"color: #ff0000;\"><strong>3M&nbsp;<\/strong><span style=\"color: #000000;\">40 seeria autokilele, mis p\u00fcsib nii sise- kui v\u00e4litingimustes 5-7 aastat.<\/span><\/span><\/p>\nngg_shortcode_1_placeholder\n<p>&nbsp;<\/p>\n<p><strong>Erimaterjalidele tr\u00fckitud mullikleebis.<\/strong><\/p>\n<p>Erimaterjalide tr\u00fckkimisel eelistame&nbsp;<span style=\"color: #ff0000;\"><strong>3M&nbsp;&nbsp;<\/strong><span style=\"color: #000000;\">autokilesid. Kuid kasutame ka erinevaid efektkilesid teistelt tootjatelt (reflektor, kroom, peegel kuld, harjatud alumiinium, liivapritsi imitatsioon jne.).<\/span><\/span><\/p>\nngg_shortcode_2_placeholder\n<p>&nbsp;<\/p>\n<p><strong>Kristallkleebised l\u00e4bipaistval taustal valge alustr\u00fckiga<\/strong><\/p>\n<p>Uudse lahendusena&nbsp; pakume kristallkleebiseid l\u00e4bipaistval taustal.<br \/>\nAntud tehnoloogiat saab kasutada ainult valge logo v\u00f5i kirja tr\u00fckkimisel l\u00e4bipaistvale kilele ning saab tr\u00fckkida v\u00e4rviliste logodele ja tekstide alusmaskina v\u00f5i lihtsalt valge raam neile \u00fcmber.&nbsp;<\/p>\nngg_shortcode_3_placeholder\n<p>&nbsp;<\/p>\n<p><strong>Kristallkleebis erilahendusena<\/strong><\/p>\n<p>Samuti v\u00f5ib k\u00f5iki eelmainitud lahendusi kombineerida ning kasutada erinevaid tr\u00fckilahendusi nagu UV-tr\u00fckk, fooliumtr\u00fckk, siiditr\u00fckk jne.<br \/>\nSee muudab kristallkleebise veelgi efektsemaks.<\/p>\nngg_shortcode_4_placeholder\n<p>&nbsp;<\/p>\n<p><strong>Mulliga kaetud rinnasilt&nbsp;<\/strong><\/p>\n<p>Valmistame rinnasilte plastikalusel, millele teeme UV-tr\u00fckiga pildi ning seej\u00e4rel katame PU-vaiguga. Rinnasildi taguseks saab valida, kas n\u00f5el- v\u00f5i magnetkinnituse.<\/p>\nngg_shortcode_5_placeholder\n<p>&nbsp;<\/p>\n<p>&nbsp;<\/p>\n<p><a href=\"\/\/www.pinterest.com\/pin\/create\/button\/\" data-pin-do=\"buttonBookmark\" data-pin-color=\"red\" data-pin-height=\"128\"><img decoding=\"async\" src=\"\/\/assets.pinterest.com\/images\/pidgets\/pinit_fg_en_rect_red_28.png\" \/><\/a><\/p>","protected":false},"excerpt":{"rendered":"<p>Lihtsa kujuga kristallkleebis (ring, ovaal, ruut, ristk\u00fclik) Lihtsa kujuga kristallkleebise maksimaalne suurus saab olla 400 x 250 mm. Minimaalseks m\u00f5\u00f5duks on 5 x 5 mm. K\u00f5ik teravad nurgad tuleb kumerdada minimaalselt 3 mm raadiusega. Kleebised tr\u00fckime valgele 3M&nbsp;40 seeria autokilele, mis p\u00fcsib nii sise- kui v\u00e4litingimustes 5-7 aastat.&nbsp; &#8221; order_by=&#8221;sortorder&#8221; order_direction=&#8221;ASC&#8221; returns=&#8221;included&#8221; maximum_entity_count=&#8221;500&#8243;] &nbsp; Keerulise &hellip; <\/p>\n<p class=\"link-more\"><a href=\"https:\/\/adman.ee\/et\/teenused\/\" class=\"more-link\">Continue reading<span class=\"screen-reader-text\"> &#8220;Teenused&#8221;<\/span><\/a><\/p>\n","protected":false},"author":1,"featured_media":0,"parent":0,"menu_order":0,"comment_status":"closed","ping_status":"closed","template":"","meta":{"ngg_post_thumbnail":0,"jetpack_post_was_ever_published":false,"footnotes":""},"class_list":["post-692","page","type-page","status-publish","hentry"],"yoast_head":"<!-- This site is optimized with the Yoast SEO plugin v24.5 - https:\/\/yoast.com\/wordpress\/plugins\/seo\/ -->\n<title>Teenused &#8211; adMan Doming<\/title>\n<meta name=\"robots\" content=\"index, follow, max-snippet:-1, max-image-preview:large, max-video-preview:-1\" \/>\n<link rel=\"canonical\" href=\"https:\/\/adman.ee\/et\/teenused\/\" \/>\n<meta property=\"og:locale\" content=\"et_EE\" \/>\n<meta property=\"og:type\" content=\"article\" \/>\n<meta property=\"og:title\" content=\"Teenused &#8211; adMan Doming\" \/>\n<meta property=\"og:description\" content=\"Lihtsa kujuga kristallkleebis (ring, ovaal, ruut, ristk\u00fclik) Lihtsa kujuga kristallkleebise maksimaalne suurus saab olla 400 x 250 mm. Minimaalseks m\u00f5\u00f5duks on 5 x 5 mm. K\u00f5ik teravad nurgad tuleb kumerdada minimaalselt 3 mm raadiusega. Kleebised tr\u00fckime valgele 3M&nbsp;40 seeria autokilele, mis p\u00fcsib nii sise- kui v\u00e4litingimustes 5-7 aastat.&nbsp; &#8221; order_by=&#8221;sortorder&#8221; order_direction=&#8221;ASC&#8221; returns=&#8221;included&#8221; maximum_entity_count=&#8221;500&#8243;] &nbsp; Keerulise &hellip; Continue reading &quot;Teenused&quot;\" \/>\n<meta property=\"og:url\" content=\"https:\/\/adman.ee\/et\/teenused\/\" \/>\n<meta property=\"og:site_name\" content=\"adMan Doming\" \/>\n<meta property=\"article:publisher\" content=\"http:\/\/facebook.com\/adman.ee\" \/>\n<meta property=\"article:modified_time\" content=\"2018-09-25T13:12:46+00:00\" \/>\n<meta property=\"og:image\" content=\"https:\/\/www.adman.ee\/wp-content\/uploads\/2018\/09\/cropped-adman-header-1.jpg\" \/>\n\t<meta property=\"og:image:width\" content=\"2000\" \/>\n\t<meta property=\"og:image:height\" content=\"1451\" \/>\n\t<meta property=\"og:image:type\" content=\"image\/jpeg\" \/>\n<meta name=\"twitter:card\" content=\"summary_large_image\" \/>\n<meta name=\"twitter:label1\" content=\"Est. reading time\" \/>\n\t<meta name=\"twitter:data1\" content=\"3 minutit\" \/>\n<script type=\"application\/ld+json\" class=\"yoast-schema-graph\">{\"@context\":\"https:\/\/schema.org\",\"@graph\":[{\"@type\":\"WebPage\",\"@id\":\"https:\/\/adman.ee\/et\/teenused\/\",\"url\":\"https:\/\/adman.ee\/et\/teenused\/\",\"name\":\"Teenused &#8211; adMan Doming\",\"isPartOf\":{\"@id\":\"https:\/\/www.adman.ee\/et\/#website\"},\"datePublished\":\"2018-09-24T17:10:31+00:00\",\"dateModified\":\"2018-09-25T13:12:46+00:00\",\"breadcrumb\":{\"@id\":\"https:\/\/adman.ee\/et\/teenused\/#breadcrumb\"},\"inLanguage\":\"et\",\"potentialAction\":[{\"@type\":\"ReadAction\",\"target\":[\"https:\/\/adman.ee\/et\/teenused\/\"]}]},{\"@type\":\"BreadcrumbList\",\"@id\":\"https:\/\/adman.ee\/et\/teenused\/#breadcrumb\",\"itemListElement\":[{\"@type\":\"ListItem\",\"position\":1,\"name\":\"Home\",\"item\":\"https:\/\/www.adman.ee\/et\/\"},{\"@type\":\"ListItem\",\"position\":2,\"name\":\"Teenused\"}]},{\"@type\":\"WebSite\",\"@id\":\"https:\/\/www.adman.ee\/et\/#website\",\"url\":\"https:\/\/www.adman.ee\/et\/\",\"name\":\"adman Doming\",\"description\":\"Number 1 kristallkleebiste tootja Eestis.\",\"publisher\":{\"@id\":\"https:\/\/www.adman.ee\/et\/#organization\"},\"potentialAction\":[{\"@type\":\"SearchAction\",\"target\":{\"@type\":\"EntryPoint\",\"urlTemplate\":\"https:\/\/www.adman.ee\/et\/?s={search_term_string}\"},\"query-input\":{\"@type\":\"PropertyValueSpecification\",\"valueRequired\":true,\"valueName\":\"search_term_string\"}}],\"inLanguage\":\"et\"},{\"@type\":\"Organization\",\"@id\":\"https:\/\/www.adman.ee\/et\/#organization\",\"name\":\"Armintec systems O\u00dc\",\"url\":\"https:\/\/www.adman.ee\/et\/\",\"logo\":{\"@type\":\"ImageObject\",\"inLanguage\":\"et\",\"@id\":\"https:\/\/www.adman.ee\/et\/#\/schema\/logo\/image\/\",\"url\":\"https:\/\/www.adman.ee\/wp-content\/uploads\/2017\/02\/cropped-adman-logo-xxl-suur.png\",\"contentUrl\":\"https:\/\/www.adman.ee\/wp-content\/uploads\/2017\/02\/cropped-adman-logo-xxl-suur.png\",\"width\":250,\"height\":250,\"caption\":\"Armintec systems O\u00dc\"},\"image\":{\"@id\":\"https:\/\/www.adman.ee\/et\/#\/schema\/logo\/image\/\"},\"sameAs\":[\"http:\/\/facebook.com\/adman.ee\",\"https:\/\/www.youtube.com\/channel\/UCBYeJAv6Sr_yGGdWFoOjxAQ\/featured?view_as=subscriber\"]}]}<\/script>\n<!-- \/ Yoast SEO plugin. -->","yoast_head_json":{"title":"Teenused &#8211; adMan Doming","robots":{"index":"index","follow":"follow","max-snippet":"max-snippet:-1","max-image-preview":"max-image-preview:large","max-video-preview":"max-video-preview:-1"},"canonical":"https:\/\/adman.ee\/et\/teenused\/","og_locale":"et_EE","og_type":"article","og_title":"Teenused &#8211; adMan Doming","og_description":"Lihtsa kujuga kristallkleebis (ring, ovaal, ruut, ristk\u00fclik) Lihtsa kujuga kristallkleebise maksimaalne suurus saab olla 400 x 250 mm. Minimaalseks m\u00f5\u00f5duks on 5 x 5 mm. K\u00f5ik teravad nurgad tuleb kumerdada minimaalselt 3 mm raadiusega. Kleebised tr\u00fckime valgele 3M&nbsp;40 seeria autokilele, mis p\u00fcsib nii sise- kui v\u00e4litingimustes 5-7 aastat.&nbsp; &#8221; order_by=&#8221;sortorder&#8221; order_direction=&#8221;ASC&#8221; returns=&#8221;included&#8221; maximum_entity_count=&#8221;500&#8243;] &nbsp; Keerulise &hellip; Continue reading \"Teenused\"","og_url":"https:\/\/adman.ee\/et\/teenused\/","og_site_name":"adMan Doming","article_publisher":"http:\/\/facebook.com\/adman.ee","article_modified_time":"2018-09-25T13:12:46+00:00","og_image":[{"width":2000,"height":1451,"url":"https:\/\/www.adman.ee\/wp-content\/uploads\/2018\/09\/cropped-adman-header-1.jpg","type":"image\/jpeg"}],"twitter_card":"summary_large_image","twitter_misc":{"Est. reading time":"3 minutit"},"schema":{"@context":"https:\/\/schema.org","@graph":[{"@type":"WebPage","@id":"https:\/\/adman.ee\/et\/teenused\/","url":"https:\/\/adman.ee\/et\/teenused\/","name":"Teenused &#8211; adMan Doming","isPartOf":{"@id":"https:\/\/www.adman.ee\/et\/#website"},"datePublished":"2018-09-24T17:10:31+00:00","dateModified":"2018-09-25T13:12:46+00:00","breadcrumb":{"@id":"https:\/\/adman.ee\/et\/teenused\/#breadcrumb"},"inLanguage":"et","potentialAction":[{"@type":"ReadAction","target":["https:\/\/adman.ee\/et\/teenused\/"]}]},{"@type":"BreadcrumbList","@id":"https:\/\/adman.ee\/et\/teenused\/#breadcrumb","itemListElement":[{"@type":"ListItem","position":1,"name":"Home","item":"https:\/\/www.adman.ee\/et\/"},{"@type":"ListItem","position":2,"name":"Teenused"}]},{"@type":"WebSite","@id":"https:\/\/www.adman.ee\/et\/#website","url":"https:\/\/www.adman.ee\/et\/","name":"adman Doming","description":"Number 1 kristallkleebiste tootja Eestis.","publisher":{"@id":"https:\/\/www.adman.ee\/et\/#organization"},"potentialAction":[{"@type":"SearchAction","target":{"@type":"EntryPoint","urlTemplate":"https:\/\/www.adman.ee\/et\/?s={search_term_string}"},"query-input":{"@type":"PropertyValueSpecification","valueRequired":true,"valueName":"search_term_string"}}],"inLanguage":"et"},{"@type":"Organization","@id":"https:\/\/www.adman.ee\/et\/#organization","name":"Armintec systems O\u00dc","url":"https:\/\/www.adman.ee\/et\/","logo":{"@type":"ImageObject","inLanguage":"et","@id":"https:\/\/www.adman.ee\/et\/#\/schema\/logo\/image\/","url":"https:\/\/www.adman.ee\/wp-content\/uploads\/2017\/02\/cropped-adman-logo-xxl-suur.png","contentUrl":"https:\/\/www.adman.ee\/wp-content\/uploads\/2017\/02\/cropped-adman-logo-xxl-suur.png","width":250,"height":250,"caption":"Armintec systems O\u00dc"},"image":{"@id":"https:\/\/www.adman.ee\/et\/#\/schema\/logo\/image\/"},"sameAs":["http:\/\/facebook.com\/adman.ee","https:\/\/www.youtube.com\/channel\/UCBYeJAv6Sr_yGGdWFoOjxAQ\/featured?view_as=subscriber"]}]}},"jetpack_sharing_enabled":true,"jetpack_shortlink":"https:\/\/wp.me\/P4Lq81-ba","_links":{"self":[{"href":"https:\/\/adman.ee\/et\/wp-json\/wp\/v2\/pages\/692","targetHints":{"allow":["GET"]}}],"collection":[{"href":"https:\/\/adman.ee\/et\/wp-json\/wp\/v2\/pages"}],"about":[{"href":"https:\/\/adman.ee\/et\/wp-json\/wp\/v2\/types\/page"}],"author":[{"embeddable":true,"href":"https:\/\/adman.ee\/et\/wp-json\/wp\/v2\/users\/1"}],"replies":[{"embeddable":true,"href":"https:\/\/adman.ee\/et\/wp-json\/wp\/v2\/comments?post=692"}],"version-history":[{"count":5,"href":"https:\/\/adman.ee\/et\/wp-json\/wp\/v2\/pages\/692\/revisions"}],"predecessor-version":[{"id":1082,"href":"https:\/\/adman.ee\/et\/wp-json\/wp\/v2\/pages\/692\/revisions\/1082"}],"wp:attachment":[{"href":"https:\/\/adman.ee\/et\/wp-json\/wp\/v2\/media?parent=692"}],"curies":[{"name":"wp","href":"https:\/\/api.w.org\/{rel}","templated":true}]}}