{"id":692,"date":"2018-09-24T20:10:31","date_gmt":"2018-09-24T17:10:31","guid":{"rendered":"https:\/\/adman.ee\/?page_id=692"},"modified":"2018-09-25T16:12:46","modified_gmt":"2018-09-25T13:12:46","slug":"teenused","status":"publish","type":"page","link":"https:\/\/adman.ee\/fin\/teenused\/","title":{"rendered":"Palvelut"},"content":{"rendered":"<p><strong>Yksinkertainen muotoinen linssitarra (ympyr\u00e4, soikea, neli\u00f6, suorakulmio)<\/strong><\/p>\n<p class=\"translation-block\">Yksinkertaisen muotoisen kristallitarran enimm\u00e4iskoko voi olla 400 x 250 mm. <br>\nPienin koko on 5 x 5 mm. <br>\nKaikkien ter\u00e4vien kulmien on oltava kaarevia v\u00e4hint\u00e4\u00e4n 3 mm: n s\u00e4teen kanssa.<\/p>\n<p class=\"translation-block\">Tarrat tulostetaan valkoiselle 3M 40-sarjan autofilmi, joka kest\u00e4\u00e4 5\u20137 vuotta sek\u00e4 sis\u00e4ll\u00e4 ett\u00e4 ulkona. .<\/p>\nngg_shortcode_0_placeholder\n<p>&nbsp;<\/p>\n<p><strong>Monimutkainen muotoinen kristallitarra (t\u00e4hdet ja edistyneemm\u00e4t muodot)<\/strong><\/p>\n<p class=\"translation-block\">Erityisen muotoisen kristallitarran mitat riippuvat suuresti muodon monimutkaisuudesta. <br>\nKaikkien sis\u00e4- ja ulkokulmien on oltava kaarevia v\u00e4hint\u00e4\u00e4n 3 mm: n s\u00e4teell\u00e4. Osien v\u00e4lisen et\u00e4isyyden on oltava v\u00e4hint\u00e4\u00e4n 5 mm. <br>\nLogoissa ja tekstiss\u00e4 yksitt\u00e4isen yksityiskohdan enimm\u00e4iskoko voi olla 400 x 250 mm.<\/p>\n<p class=\"translation-block\">Tarrat tulostetaan valkoiselle 3M 40-sarjan autofilmi, joka kest\u00e4\u00e4 5\u20137 vuotta sek\u00e4 sis\u00e4ll\u00e4 ett\u00e4 ulkona. .<\/p>\nngg_shortcode_1_placeholder\n<p>&nbsp;<\/p>\n<p><strong>Erityismateriaaleille painetussa kuplatarrassa.<\/strong><\/p>\n<p class=\"translation-block\">Suosimme 3M autofilmej\u00e4 erikoismateriaalien tulostamisessa. Mutta k\u00e4yt\u00e4mme my\u00f6s muiden valmistajien erilaisia efektifilmej\u00e4 (heijastin, kromi, kultapeili, harjattu alumiini, hiekkapuhallus jne.).<\/p>\nngg_shortcode_2_placeholder\n<p>&nbsp;<\/p>\n<p><strong>Linssitarrat valkoisella pohjalla tulosta l\u00e4pin\u00e4kyv\u00e4lle taustalle<\/strong><\/p>\n<p class=\"translation-block\">Uutena ratkaisuna tarjoamme kristallitarroja l\u00e4pin\u00e4kyv\u00e4ll\u00e4 taustalla. <br>\nT\u00e4t\u00e4 tekniikkaa voidaan k\u00e4ytt\u00e4\u00e4 vain valkoisen logon tai kirjeen tulostamiseen l\u00e4pin\u00e4kyv\u00e4lle kalvolle, ja sen voi tulostaa v\u00e4rimaskille ja tekstimaskille tai vain valkoiselle reunalle niiden ymp\u00e4rill\u00e4.<\/p>\nngg_shortcode_3_placeholder\n<p>&nbsp;<\/p>\n<p><strong>Linssitarra erikoisratkaisuna<\/strong><\/p>\n<p class=\"translation-block\">Voit my\u00f6s yhdist\u00e4\u00e4 kaikki yll\u00e4 olevat ratkaisut ja k\u00e4ytt\u00e4\u00e4 erilaisia tulostusratkaisuja, kuten UV-tulostusta, foliopainatusta, silkkipainantaa jne.\nT\u00e4m\u00e4 tekee linssitarrasta viel\u00e4 tehokkaamman.<\/p>\nngg_shortcode_4_placeholder\n<p>&nbsp;<\/p>\n<p><strong>Kupla peitetty merkki&nbsp;<\/strong><\/p>\n<p>Valmistamme leimat muovialustalle, joka tulostetaan UV-tulostuksella ja peitet\u00e4\u00e4n sitten PU-hartsilla. Voit valita neulan tai magneettisen kiinnityksen merkin takana.<\/p>\nngg_shortcode_5_placeholder\n<p>&nbsp;<\/p>\n<p>&nbsp;<\/p>\n<p><a href=\"\/\/www.pinterest.com\/pin\/create\/button\/\" data-pin-do=\"buttonBookmark\" data-pin-color=\"red\" data-pin-height=\"128\"><img decoding=\"async\" src=\"\/\/assets.pinterest.com\/images\/pidgets\/pinit_fg_en_rect_red_28.png\" \/><\/a><\/p>","protected":false},"excerpt":{"rendered":"<p>Lihtsa kujuga kristallkleebis (ring, ovaal, ruut, ristk\u00fclik) Lihtsa kujuga kristallkleebise maksimaalne suurus saab olla 400 x 250 mm. Minimaalseks m\u00f5\u00f5duks on 5 x 5 mm. K\u00f5ik teravad nurgad tuleb kumerdada minimaalselt 3 mm raadiusega. Kleebised tr\u00fckime valgele 3M&nbsp;40 seeria autokilele, mis p\u00fcsib nii sise- kui v\u00e4litingimustes 5-7 aastat.&nbsp; &#8221; order_by=&#8221;sortorder&#8221; order_direction=&#8221;ASC&#8221; returns=&#8221;included&#8221; maximum_entity_count=&#8221;500&#8243;] &nbsp; Keerulise &hellip; <\/p>\n<p class=\"link-more\"><a href=\"https:\/\/adman.ee\/fin\/teenused\/\" class=\"more-link\">Jatka lukemista<span class=\"screen-reader-text\"> &#8220;Teenused&#8221;<\/span><\/a><\/p>","protected":false},"author":1,"featured_media":0,"parent":0,"menu_order":0,"comment_status":"closed","ping_status":"closed","template":"","meta":{"ngg_post_thumbnail":0,"jetpack_post_was_ever_published":false,"footnotes":""},"class_list":["post-692","page","type-page","status-publish","hentry"],"yoast_head":"<!-- This site is optimized with the Yoast SEO plugin v24.5 - https:\/\/yoast.com\/wordpress\/plugins\/seo\/ -->\n<title>Teenused &#8211; adMan Doming<\/title>\n<meta name=\"robots\" content=\"index, follow, max-snippet:-1, max-image-preview:large, max-video-preview:-1\" \/>\n<link rel=\"canonical\" href=\"https:\/\/adman.ee\/fin\/teenused\/\" \/>\n<meta property=\"og:locale\" content=\"fi_FI\" \/>\n<meta property=\"og:type\" content=\"article\" \/>\n<meta property=\"og:title\" content=\"Teenused &#8211; adMan Doming\" \/>\n<meta property=\"og:description\" content=\"Lihtsa kujuga kristallkleebis (ring, ovaal, ruut, ristk\u00fclik) Lihtsa kujuga kristallkleebise maksimaalne suurus saab olla 400 x 250 mm. Minimaalseks m\u00f5\u00f5duks on 5 x 5 mm. K\u00f5ik teravad nurgad tuleb kumerdada minimaalselt 3 mm raadiusega. Kleebised tr\u00fckime valgele 3M&nbsp;40 seeria autokilele, mis p\u00fcsib nii sise- kui v\u00e4litingimustes 5-7 aastat.&nbsp; &#8221; order_by=&#8221;sortorder&#8221; order_direction=&#8221;ASC&#8221; returns=&#8221;included&#8221; maximum_entity_count=&#8221;500&#8243;] &nbsp; Keerulise &hellip; Jatka lukemista &quot;Teenused&quot;\" \/>\n<meta property=\"og:url\" content=\"https:\/\/adman.ee\/fin\/teenused\/\" \/>\n<meta property=\"og:site_name\" content=\"adMan Doming\" \/>\n<meta property=\"article:publisher\" content=\"http:\/\/facebook.com\/adman.ee\" \/>\n<meta property=\"article:modified_time\" content=\"2018-09-25T13:12:46+00:00\" \/>\n<meta property=\"og:image\" content=\"https:\/\/adman.ee\/wp-content\/uploads\/2018\/09\/cropped-adman-header-1.jpg\" \/>\n\t<meta property=\"og:image:width\" content=\"2000\" \/>\n\t<meta property=\"og:image:height\" content=\"1451\" \/>\n\t<meta property=\"og:image:type\" content=\"image\/jpeg\" \/>\n<meta name=\"twitter:card\" content=\"summary_large_image\" \/>\n<meta name=\"twitter:label1\" content=\"Arvioitu lukuaika\" \/>\n\t<meta name=\"twitter:data1\" content=\"3 minuuttia\" \/>\n<script type=\"application\/ld+json\" class=\"yoast-schema-graph\">{\"@context\":\"https:\/\/schema.org\",\"@graph\":[{\"@type\":\"WebPage\",\"@id\":\"https:\/\/adman.ee\/fin\/teenused\/\",\"url\":\"https:\/\/adman.ee\/fin\/teenused\/\",\"name\":\"Teenused &#8211; adMan Doming\",\"isPartOf\":{\"@id\":\"https:\/\/www.adman.ee\/et\/#website\"},\"datePublished\":\"2018-09-24T17:10:31+00:00\",\"dateModified\":\"2018-09-25T13:12:46+00:00\",\"breadcrumb\":{\"@id\":\"https:\/\/adman.ee\/fin\/teenused\/#breadcrumb\"},\"inLanguage\":\"fi\",\"potentialAction\":[{\"@type\":\"ReadAction\",\"target\":[\"https:\/\/adman.ee\/fin\/teenused\/\"]}]},{\"@type\":\"BreadcrumbList\",\"@id\":\"https:\/\/adman.ee\/fin\/teenused\/#breadcrumb\",\"itemListElement\":[{\"@type\":\"ListItem\",\"position\":1,\"name\":\"Home\",\"item\":\"https:\/\/www.adman.ee\/et\/\"},{\"@type\":\"ListItem\",\"position\":2,\"name\":\"Teenused\"}]},{\"@type\":\"WebSite\",\"@id\":\"https:\/\/www.adman.ee\/et\/#website\",\"url\":\"https:\/\/www.adman.ee\/et\/\",\"name\":\"adman Doming\",\"description\":\"Number 1 kristallkleebiste tootja Eestis.\",\"publisher\":{\"@id\":\"https:\/\/www.adman.ee\/et\/#organization\"},\"potentialAction\":[{\"@type\":\"SearchAction\",\"target\":{\"@type\":\"EntryPoint\",\"urlTemplate\":\"https:\/\/www.adman.ee\/et\/?s={search_term_string}\"},\"query-input\":{\"@type\":\"PropertyValueSpecification\",\"valueRequired\":true,\"valueName\":\"search_term_string\"}}],\"inLanguage\":\"fi\"},{\"@type\":\"Organization\",\"@id\":\"https:\/\/www.adman.ee\/et\/#organization\",\"name\":\"Armintec systems O\u00dc\",\"url\":\"https:\/\/www.adman.ee\/et\/\",\"logo\":{\"@type\":\"ImageObject\",\"inLanguage\":\"fi\",\"@id\":\"https:\/\/www.adman.ee\/et\/#\/schema\/logo\/image\/\",\"url\":\"https:\/\/adman.ee\/wp-content\/uploads\/2017\/02\/cropped-adman-logo-xxl-suur.png\",\"contentUrl\":\"https:\/\/adman.ee\/wp-content\/uploads\/2017\/02\/cropped-adman-logo-xxl-suur.png\",\"width\":250,\"height\":250,\"caption\":\"Armintec systems O\u00dc\"},\"image\":{\"@id\":\"https:\/\/www.adman.ee\/et\/#\/schema\/logo\/image\/\"},\"sameAs\":[\"http:\/\/facebook.com\/adman.ee\",\"https:\/\/www.youtube.com\/channel\/UCBYeJAv6Sr_yGGdWFoOjxAQ\/featured?view_as=subscriber\"]}]}<\/script>\n<!-- \/ Yoast SEO plugin. -->","yoast_head_json":{"title":"Teenused &#8211; adMan Doming","robots":{"index":"index","follow":"follow","max-snippet":"max-snippet:-1","max-image-preview":"max-image-preview:large","max-video-preview":"max-video-preview:-1"},"canonical":"https:\/\/adman.ee\/fin\/teenused\/","og_locale":"fi_FI","og_type":"article","og_title":"Teenused &#8211; adMan Doming","og_description":"Lihtsa kujuga kristallkleebis (ring, ovaal, ruut, ristk\u00fclik) Lihtsa kujuga kristallkleebise maksimaalne suurus saab olla 400 x 250 mm. Minimaalseks m\u00f5\u00f5duks on 5 x 5 mm. K\u00f5ik teravad nurgad tuleb kumerdada minimaalselt 3 mm raadiusega. Kleebised tr\u00fckime valgele 3M&nbsp;40 seeria autokilele, mis p\u00fcsib nii sise- kui v\u00e4litingimustes 5-7 aastat.&nbsp; &#8221; order_by=&#8221;sortorder&#8221; order_direction=&#8221;ASC&#8221; returns=&#8221;included&#8221; maximum_entity_count=&#8221;500&#8243;] &nbsp; Keerulise &hellip; Jatka lukemista \"Teenused\"","og_url":"https:\/\/adman.ee\/fin\/teenused\/","og_site_name":"adMan Doming","article_publisher":"http:\/\/facebook.com\/adman.ee","article_modified_time":"2018-09-25T13:12:46+00:00","og_image":[{"width":2000,"height":1451,"url":"https:\/\/adman.ee\/wp-content\/uploads\/2018\/09\/cropped-adman-header-1.jpg","type":"image\/jpeg"}],"twitter_card":"summary_large_image","twitter_misc":{"Arvioitu lukuaika":"3 minuuttia"},"schema":{"@context":"https:\/\/schema.org","@graph":[{"@type":"WebPage","@id":"https:\/\/adman.ee\/fin\/teenused\/","url":"https:\/\/adman.ee\/fin\/teenused\/","name":"Teenused &#8211; adMan Doming","isPartOf":{"@id":"https:\/\/www.adman.ee\/et\/#website"},"datePublished":"2018-09-24T17:10:31+00:00","dateModified":"2018-09-25T13:12:46+00:00","breadcrumb":{"@id":"https:\/\/adman.ee\/fin\/teenused\/#breadcrumb"},"inLanguage":"fi","potentialAction":[{"@type":"ReadAction","target":["https:\/\/adman.ee\/fin\/teenused\/"]}]},{"@type":"BreadcrumbList","@id":"https:\/\/adman.ee\/fin\/teenused\/#breadcrumb","itemListElement":[{"@type":"ListItem","position":1,"name":"Home","item":"https:\/\/www.adman.ee\/et\/"},{"@type":"ListItem","position":2,"name":"Teenused"}]},{"@type":"WebSite","@id":"https:\/\/www.adman.ee\/et\/#website","url":"https:\/\/www.adman.ee\/et\/","name":"adman Doming","description":"Number 1 kristallkleebiste tootja Eestis.","publisher":{"@id":"https:\/\/www.adman.ee\/et\/#organization"},"potentialAction":[{"@type":"SearchAction","target":{"@type":"EntryPoint","urlTemplate":"https:\/\/www.adman.ee\/et\/?s={search_term_string}"},"query-input":{"@type":"PropertyValueSpecification","valueRequired":true,"valueName":"search_term_string"}}],"inLanguage":"fi"},{"@type":"Organization","@id":"https:\/\/www.adman.ee\/et\/#organization","name":"Armintec systems O\u00dc","url":"https:\/\/www.adman.ee\/et\/","logo":{"@type":"ImageObject","inLanguage":"fi","@id":"https:\/\/www.adman.ee\/et\/#\/schema\/logo\/image\/","url":"https:\/\/adman.ee\/wp-content\/uploads\/2017\/02\/cropped-adman-logo-xxl-suur.png","contentUrl":"https:\/\/adman.ee\/wp-content\/uploads\/2017\/02\/cropped-adman-logo-xxl-suur.png","width":250,"height":250,"caption":"Armintec systems O\u00dc"},"image":{"@id":"https:\/\/www.adman.ee\/et\/#\/schema\/logo\/image\/"},"sameAs":["http:\/\/facebook.com\/adman.ee","https:\/\/www.youtube.com\/channel\/UCBYeJAv6Sr_yGGdWFoOjxAQ\/featured?view_as=subscriber"]}]}},"jetpack_sharing_enabled":true,"jetpack_shortlink":"https:\/\/wp.me\/P4Lq81-ba","_links":{"self":[{"href":"https:\/\/adman.ee\/fin\/wp-json\/wp\/v2\/pages\/692","targetHints":{"allow":["GET"]}}],"collection":[{"href":"https:\/\/adman.ee\/fin\/wp-json\/wp\/v2\/pages"}],"about":[{"href":"https:\/\/adman.ee\/fin\/wp-json\/wp\/v2\/types\/page"}],"author":[{"embeddable":true,"href":"https:\/\/adman.ee\/fin\/wp-json\/wp\/v2\/users\/1"}],"replies":[{"embeddable":true,"href":"https:\/\/adman.ee\/fin\/wp-json\/wp\/v2\/comments?post=692"}],"version-history":[{"count":5,"href":"https:\/\/adman.ee\/fin\/wp-json\/wp\/v2\/pages\/692\/revisions"}],"predecessor-version":[{"id":1082,"href":"https:\/\/adman.ee\/fin\/wp-json\/wp\/v2\/pages\/692\/revisions\/1082"}],"wp:attachment":[{"href":"https:\/\/adman.ee\/fin\/wp-json\/wp\/v2\/media?parent=692"}],"curies":[{"name":"wp","href":"https:\/\/api.w.org\/{rel}","templated":true}]}}